{"id":35473,"date":"2022-05-26T12:36:04","date_gmt":"2022-05-26T10:36:04","guid":{"rendered":"https:\/\/ufotech.com\/?page_id=35473"},"modified":"2022-05-26T12:40:08","modified_gmt":"2022-05-26T10:40:08","slug":"privacy-police","status":"publish","type":"page","link":"https:\/\/ufotech.com\/cn\/%e9%9a%90%e7%a7%81-%e8%ad%a6%e5%af%9f\/","title":{"rendered":"\u9690\u79c1\u8b66\u5bdf"},"content":{"rendered":"<div data-elementor-type=\"wp-page\" data-elementor-id=\"35473\" class=\"elementor elementor-35473\">\n\t\t\t\t\t\t<section data-particle_enable=\"false\" data-particle-mobile-disabled=\"false\" class=\"elementor-section elementor-top-section elementor-element elementor-element-fb85289 elementor-section-boxed elementor-section-height-default elementor-section-height-default\" data-id=\"fb85289\" data-element_type=\"section\">\r\n\t\t\t\t\t\t<div class=\"elementor-container elementor-column-gap-thegem\"><div class=\"elementor-row\">\r\n\t\t\t\t\t<div class=\"elementor-column elementor-col-100 elementor-top-column elementor-element elementor-element-92aa0df\" data-id=\"92aa0df\" data-element_type=\"column\">\n\t\t\t<div class=\"elementor-widget-wrap elementor-element-populated\">\n\t\t\t\t\t\t<div class=\"elementor-element elementor-element-3297499 flex-horizontal-align-default flex-horizontal-align-tablet-default flex-horizontal-align-mobile-default flex-vertical-align-default flex-vertical-align-tablet-default flex-vertical-align-mobile-default elementor-widget elementor-widget-heading\" data-id=\"3297499\" data-element_type=\"widget\" data-widget_type=\"heading.default\">\n\t\t\t\t<div class=\"elementor-widget-container\">\n\t\t\t\t\t<h2 class=\"elementor-heading-title elementor-size-default\">\u9690\u79c1\u8b66\u5bdf<\/h2>\t\t\t\t<\/div>\n\t\t\t\t<\/div>\n\t\t\t\t<div class=\"elementor-element elementor-element-2e02ddd flex-horizontal-align-default flex-horizontal-align-tablet-default flex-horizontal-align-mobile-default flex-vertical-align-default flex-vertical-align-tablet-default flex-vertical-align-mobile-default elementor-widget elementor-widget-text-editor\" data-id=\"2e02ddd\" data-element_type=\"widget\" data-widget_type=\"text-editor.default\">\n\t\t\t\t<div class=\"elementor-widget-container\">\n\t\t\t\t\t\t\t\t\t\t\t\t<div class=\"elementor-text-editor elementor-clearfix\">\r\n\t\t\t\t\t\t<p>\u5168\u5c40\u6027\u7684<\/p><p>Der Betreiber dieser Website erhebt, verarbeitet and nutzt personenbezogene Daten eines Nutzers ohne weitergehende Einwilligung only soweit f\u00fcr Vertragsbegr\u00fcndung and -abwicklung and zu Abrechnungszwecken erforderlich sind.<br \/>Personenbezogene Daten\u662fEinzelangaben \u00fcber pers\u00f6nliche oder sachliche Verh\u00e4ltnisse einer bestimmten oder bestimmbaren nat\u00fcrlichen Person\uff08Betroffener\uff09\u3002<br \/>Das Erheben von Daten\u7684\u610f\u601d\u662f\u6307\u7531Den Betroffenen\u81ea\u5df1\u6765\u83b7\u53d6\u6570\u636e\u3002\u68c0\u7d22\u662f\u6307\u9664\u4e86Speichern\u548cL\u00f6schen\u4e4b\u5916\uff0c\u8fd8\u6709Ver\u00e4ndern\u3001Das Sperren\u548cDie \u00dcbermittlung\u4e2a\u4eba\u6570\u636e\u3002\u62d2\u7edd\u662f\u6307\u5bf9\u4e2a\u4eba\u6570\u636e\u7684\u4f7f\u7528\uff0c\u53ea\u8981\u4e0d\u6d89\u53ca\u5230\u64cd\u4f5c\u3002\u5728\u4e0d\u9700\u8981\u7684\u60c5\u51b5\u4e0b\uff0c\u5ba2\u6237\u53ef\u4ee5\u901a\u8fc7\u7f51\u7ad9\u4e0a\u7684\u6295\u6ce8\u8005\u6765\u83b7\u53d6\u5ba2\u6237\u7684\u6700\u4f73\u548c\u6700\u6709\u6548\u7684\u6570\u636e\u3002Der Betreiber dieser Webseite ist nach Ma\u00dfgabe der hierf\u00fcr gesetzlichen Bestimmungen berechtt, Auskunft an Strafverfolgungsbeh\u00f6rden and Gerichte zum Zwecke der Strafverfolgung zu erteilen\u3002Der Betreiber dieser Webseite kann die Bestands- und Verkehrsdaten des Kunden zu Marktforschungszwecken auswerten bzw. durch Dritte auswerten lassen\u3002Der Kunde kann durch Kontaktaufnahme mit dem Datenschutzbeauftragen widersprechen.<br \/>\u7edf\u8ba1\u6570\u636e<\/p><p>\u8bbf\u5ba2\u6570\u636e\u662f\u6307\u4e2a\u4eba\u7684\u6570\u636e\uff0c\u8fd9\u4e9b\u6570\u636e\u662f\u4e3a\u4e86\u8ba9\u7f51\u7ad9\u7ba1\u7406\u5458\u548c\u8bbf\u5ba2\u4e4b\u95f4\u7684\u8054\u7cfb\u66f4\u52a0\u7d27\u5bc6\u800c\u5fc5\u987b\u7684\u3002\u8fd9\u4e9b\u4fe1\u606f\u5305\u62ec\u59d3\u540d\u3001\u5730\u5740\u3001\u65e5\u671f\u3001\u7535\u8bdd\u3001\u7535\u5b50\u90ae\u4ef6\u5730\u5740\u548c\u7528\u6237\u7684\u4ed8\u6b3e\u6570\u636e\u3002<br \/>\u672c\u7f51\u7ad9\u7684\u7528\u6237\u53ea\u9700\u5c06\u6700\u597d\u7684\u6570\u636e\u8f6c\u53d1\u5230\u7b2c\u56db\u4e2a\u7f51\u7ad9\u4e0a\uff0c\u5982\u679c\u8fd9\u662f\u5728\u4e3a\u5ba2\u6237\u63d0\u4f9b\u670d\u52a1\u65f6\u9700\u8981\u7684\u3002<br \/>\u672c\u7f51\u7ad9\u7684\u7528\u6237\u5c06\u4e3a\u5de5\u4f5c\u3001\u5ba2\u6237\u6216\u5546\u6807\u7814\u7a76\u63d0\u4f9b\u6700\u4f73\u6570\u636e\uff0c\u4f46\u5fc5\u987b\u5728\u6709\u5fc5\u8981\u7684\u60c5\u51b5\u4e0b\uff0c\u5e76\u5728\u7528\u6237\u6709\u610f\u613f\u7684\u60c5\u51b5\u4e0b\uff0c\u5bf9\u8fd9\u4e9b\u6570\u636e\u8fdb\u884c\u6838\u5b9e\u548c\u50a8\u5b58\u3002\u6350\u8d60\u8005\u53ef\u4ee5\u5728\u4efb\u4f55\u65f6\u5019\u6269\u5927\u5176\u6350\u8d60\u610f\u613f\u3002<br \/>BDSG\u7b2c29\u6761\u89c4\u5b9a\u4e86\u5bf9\u4e2a\u4eba\u6570\u636e\u7684\u5904\u7406\u3001\u4fdd\u62a4\u6216\u66f4\u6539\uff0c\u4ee5\u53ca\u5bf9\u5ba2\u6237\u7684\u4fdd\u62a4\uff0c\u7279\u522b\u662f\u5bf9\u5ba2\u6237\u7684\u670d\u52a1\u7684\u5f71\u54cd\u3002\u8bbf\u5ba2\u7684\u6570\u636e\u6765\u81ea\u4e8e\u4e0d\u540c\u7684\u6765\u6e90\uff0c\u5e76\u5c06\u8fd9\u4e9b\u6570\u636e\u4f20\u9001\u5230\u4e0d\u540c\u7684\u5730\u65b9\u3002\u672c\u7f51\u7ad9\u4f7f\u7528\u8005\u6709\u6743\u51b3\u5b9a\u662f\u5426\u5411\u6240\u6709\u7528\u6237\u63d0\u4f9b\u6240\u9700\u7684\u6570\u636e\u3002<br \/>\u9a7e\u8f66\u51fa\u884c\u6570\u636e<\/p><p>Verkehrsdaten\u662f\u6307\u7531\u7535\u4fe1\u8fd0\u8425\u5546\u63d0\u4f9b\u7684\u6570\u636e\uff0c\u8fd9\u4e9b\u6570\u636e\u662f\u7531\u7535\u4fe1\u8fd0\u8425\u5546\u63d0\u4f9b\u7684\uff0c\u6216\u8005\u662f\u7531\u8fd0\u8425\u5546\u63d0\u4f9b\u7684\u3002Der Betreiber dieser Website bzw. ein Dritter, dessen sich der Betreiber dieser Website zur Erbringung der Telekommunikationsdienste bedient, erhebt Verkehrsdaten, um die Inanspruchnahme dieser Dienste zu erm\u00f6glichen and die Rechnung des jeweiligen Nutzers erstellen zu k\u00f6nnen\u3002\u5728\u8be5\u89c4\u5219\u4e2d\uff0c\u6570\u636e\u548c\u65f6\u95f4\u4ee5\u53ca\u7528\u6237\u5f00\u59cb\u548c\u7ed3\u675f\u7684\u65f6\u95f4\u3001\u5b57\u8282\u6570\u3001IP\u5730\u5740\u548c\u7535\u8bdd\u7684\u4f7f\u7528\u65b9\u5f0f\u90fd\u4f1a\u88ab\u8bb0\u5f55\u4e0b\u6765\u3002 \u8fd9\u4e9b\u6570\u636e\u4f1a\u5728\u7528\u6237\u7684\u641c\u7d22\u7ed3\u679c\u51fa\u6765\u540e\u7684\u534a\u4e2a\u6708\u5185\u88ab\u8bb0\u5f55\u4e0b\u6765\uff0c\u8fd9\u662f\u56e0\u4e3a\u5728\u7528\u6237\u7684\u7edf\u8ba1\u4fe1\u606f\u4e2d\u4f1a\u6709\u4e00\u4e2a\u8f83\u957f\u7684\u65f6\u95f4\u9650\u5236\u3002Soweit es die Abrechnung mit anderen Unternehmen oder mit anderen Diensteanbietern oder gesetzliche Vorschriften erfordern, darf der Betreiber dieser Webseite Verkehrsdaten verwenden, speichern und \u00fcbermitteln.<br \/>\u6fb3\u5927\u5229\u4e9a\u6cd5\u5f8b<\/p><p>Der Betreiber dieser Website teilt dem Nutzer auf Anfrage schriftlich unter Ber\u00fccksichtigung der gesetzlichen Vorgaben mit, ob und welche pers\u00f6nlichen Daten \u00fcber ihn gespeichert sind.Hierf\u00fcr und f\u00fcr weitere Fragen zum Datenschutz steht Ihnen der Datenschutzbeauftragte zur Verf\u00fcgung.<br \/>\u7f51\u7ad9\u8ddf\u8e2a<\/p><p>\u672c\u7f51\u7ad9\u4f7f\u7528\u7684\u662f\u7279\u5b9a\u7684Cookies\u3002\u5b83\u4eec\u7684\u4f5c\u7528\u662f\u4f7f\u672c\u7f51\u7ad9\u66f4\u65b9\u4fbf\u3001\u66f4\u6709\u6548\u548c\u66f4\u5b89\u5168\u3002Cookies\u662f\u4e00\u4e9b\u5c0f\u7684\u6587\u672c\u6570\u636e\uff0c\u5b83\u4eec\u88ab\u8bb0\u5f55\u5728\u6211\u7684Rechner\u4e0a\uff0c\u5e76\u88ab\u6211\u7684\u6d4f\u89c8\u5668\u8bb0\u5f55\u4e0b\u6765\uff0c\u4ece\u800c\u4f7f\u6211\u80fd\u591f\u5206\u6790\u4f60\u7684\u7f51\u7ad9\u4f7f\u7528\u60c5\u51b5\u3002\u60a8\u53ef\u4ee5\u901a\u8fc7\u5bf9\u60a8\u7684\u6d4f\u89c8\u5668\u8f6f\u4ef6\u8fdb\u884c\u9884\u5148\u8bbe\u7f6e\u6765\u4f7f\u7528\u8fd9\u4e9bCookie\uff0c\u4f46\u6211\u4eec\u5e0c\u671b\u60a8\u5728\u8fd9\u79cd\u60c5\u51b5\u4e0b\u4e0d\u4f1a\u5bf9\u672c\u7f51\u7ad9\u7684\u4efb\u4f55\u529f\u80fd\u8fdb\u884c\u64cd\u4f5c\u3002<br \/>\u672c\u7f51\u7ad9\u4f7f\u7528\u8c37\u6b4c\u5206\u6790\uff0c\u8fd9\u662f\u8c37\u6b4c\u516c\u53f8\uff08\"\u8c37\u6b4c\"\uff09\u7684\u7f51\u7edc\u5206\u6790\u5de5\u5177\u3002\u8c37\u6b4c\u5206\u6790\u4f7f\u7528\u7684\u662f\u3002\"Cookies\"\u3002\u901a\u8fc7Cookie\u83b7\u53d6\u7684\u5173\u4e8e\u60a8\u4f7f\u7528\u672c\u7f51\u7ad9\u7684\u4fe1\u606f\uff0c\u5c06\u6309\u7167\u89c4\u5b9a\u5728\u7f8e\u56fd\u8c37\u6b4c\u516c\u53f8\u7684\u670d\u52a1\u5668\u4e0a\u83b7\u53d6\uff0c\u5e76\u5728\u6b64\u8fdb\u884c\u5206\u6790\u3002\u8c37\u6b4c\u5c06\u4f7f\u7528\u8fd9\u4e9b\u4fe1\u606f\uff0c\u4ee5\u652f\u6301\u6211\u5bf9\u7f51\u7ad9\u7684\u4f7f\u7528\uff0c\u5e76\u63d0\u4f9b\u6709\u5173\u7f51\u7ad9\u6d3b\u52a8\u7684\u62a5\u544a\uff0c\u4ee5\u53ca\u4e0e\u7f51\u7ad9\u7ba1\u7406\u548c\u4e92\u8054\u7f51\u7ba1\u7406\u76f8\u8054\u7cfb\u7684\u89e3\u51b3\u65b9\u6848\uff0c\u4ee5\u4fc3\u8fdb\u7f51\u7ad9\u7684\u53d1\u5c55\u3002\u5728\u8c37\u6b4c\u5206\u6790\u7684\u6846\u67b6\u4e0b\uff0c\u6211\u7684\u6d4f\u89c8\u5668\u7684IP\u5730\u5740\u4e0d\u4f1a\u4e0e\u8c37\u6b4c\u7684\u5176\u4ed6\u6570\u636e\u76f8\u8054\u7cfb\u3002<br \/>Cookies\u662f\u4e3a\u8c37\u6b4c\u516c\u53f8\u7684\u518d\u8425\u9500\u6280\u672f\u800c\u8bbe\u7f6e\u7684\u3002\u901a\u8fc7\u8fd9\u79cd\u6280\u672f\uff0c\u90a3\u4e9b\u66fe\u7ecf\u6d4f\u89c8\u8fc7\u672c\u7f51\u7ad9\u5e76\u5bf9\u8be5\u4ea7\u54c1\u611f\u5174\u8da3\u7684\u7528\u6237\uff0c\u53ef\u4ee5\u901a\u8fc7\u5728\u8c37\u6b4c\u5408\u4f5c\u4f19\u4f34\u7f51\u7ad9\u4e0a\u53d1\u5e03\u7684\u5e7f\u544a\u6765\u83b7\u53d6\u4fe1\u606f\u3002\u5982\u679c\u7528\u6237\u5e0c\u671b\u901a\u8fc7\u8c37\u6b4c\u7684\u7f51\u9875\u548c\u5e94\u7528\u7a0b\u5e8f\u6d4f\u89c8\u670d\u52a1\u5668\u4e0e\u8c37\u6b4c\u8d26\u6237\u8fdb\u884c\u4ea4\u4e92\uff0c\u5e76\u5c06\u8c37\u6b4c\u8d26\u6237\u4e2d\u7684\u4fe1\u606f\u7528\u4e8e\u4e2a\u6027\u5316\u5206\u6790\uff0c\u90a3\u4e48\u518d\u8425\u9500\u529f\u80fd\u5c31\u4f1a\u5f97\u5230\u52a0\u5f3a\u3002\u8fd9\u4e9b\u4e2a\u4eba\u5316\u7684\u6570\u636e\u5c06\u4e0e\u8c37\u6b4c\u5206\u6790\u7684\u6570\u636e\u8fdb\u884c\u6bd4\u8f83\uff0c\u4ee5\u786e\u5b9a\u662f\u5426\u6709\u5fc5\u8981\u5bf9\u5176\u8fdb\u884c\u8c03\u6574\u3002Google-Nutzer\u53ef\u4ee5\u5728 \"\u6211\u7684\u8d26\u6237 \"\u4e0b\u7684Anzeigeneinstellungen\u4e2d\u901a\u8fc7\uff0c\u6216\u8005\u5220\u9664\u4e2a\u6027\u5316\u7684Anzeigen\u3002<br \/>Sie k\u00f6nnen dar\u00fcber hinaus die Erfassung der durch das Cookie erzeugten und auf Ihre Nutzung der Website bezogenen Daten (inkl. Ihrer gek\u00fcrzten IP-Adomee) an Google and die Verarbeitung dieser Daten by Google verhindern, indem sie das unter dem folgenden Link verf\u00fcgbare Browser- Plugin herunterladen and installieren:[http:\/\/tools.google.com\/dlpage\/gaoptout?hl=de]<br \/>\u6b64\u5916\uff0c\u8c37\u6b4c\u5206\u6790\u8fd8\u63d0\u4f9b\u4e86\u5173\u4e8e\u4eba\u53e3\u7279\u5f81\u548c\u5174\u8da3\u7684\u5206\u6790\u62a5\u544a\u3002<br \/>\u793e\u4ea4\u63d2\u4ef6<\/p><p>\u672c\u7f51\u7ad9\u91c7\u7528\u4e86Facebook\u3001Twitter\u548cGoogle+\u7b49\u793e\u4ea4\u7f51\u7edc\u7684\u4e0d\u540c\u529f\u80fd\u3002\u5728\u8bbf\u95ee\u6211\u4eec\u7684\u7f51\u7ad9\u65f6\uff0c\u4e0d\u4f1a\u6709\u4efb\u4f55\u5173\u4e8e\u8fd9\u4e9b\u7f51\u7ad9\u7684\u6570\u636e\u3002\u5728\u4e00\u4e9b\u7f51\u7ad9\u4e0a\uff0c\u53ef\u4ee5\u901a\u8fc7\u8bbe\u7f6e\u63d2\u4ef6\u6216\u70b9\u51fb\u76f8\u5173\u5e73\u53f0\u4e0a\u7684\u94fe\u63a5\u6765\u83b7\u53d6\u6570\u636e\uff0c\u4f46\u4e0d\u80fd\u81ea\u884c\u8bbe\u7f6e\u529f\u80fd\uff08\"\u63a8\u8350\"\u3001\"\u63a8\u7279\"\u3001\"+1\"\uff09\u3002<br \/>\u5f55\u50cf\u5e26<\/p><p>\u672c\u7f51\u7ad9\u4f7f\u7528\u8c37\u6b4c\u63d0\u4f9b\u7684YouTube\u7f51\u7ad9\u7684\u63d2\u4ef6\u3002\u7f51\u7ad9\u7684\u6240\u6709\u8005\u662fYouTube, LLC, 901 Cherry Ave., San Bruno, CA 94066, USA.\u5f53\u4f60\u5728\u6211\u4eec\u7684\u7f51\u7ad9\u4e0a\u4f7f\u7528YouTube\u63d2\u4ef6\u65f6\uff0c\u5c31\u4f1a\u4e0eYouTube\u7684\u670d\u52a1\u5668\u5efa\u7acb\u8054\u7cfb\u3002\u8fd9\u6837\u4e00\u6765\uff0cYouTube\u670d\u52a1\u5668\u5c31\u4f1a\u663e\u793a\u4f60\u6240\u6d4f\u89c8\u7684\u7f51\u7ad9\u7684\u4fe1\u606f\u3002\u5982\u679c\u4f60\u5728\u6211\u7684YouTube\u8d26\u6237\u91cc\u6709\u767b\u5f55\u8bb0\u5f55\uff0c\u4f60\u5c31\u53ef\u4ee5\u5728YouTube\u4e0a\u76f4\u63a5\u770b\u5230\u6211\u7684\u4e2a\u4eba\u4e3b\u9875\u4e86\u3002\u8fd9\u53ef\u4ee5\u5e2e\u52a9\u4f60\uff0c\u8ba9\u4f60\u4ece\u6211\u7684YouTube\u8d26\u6237\u4e2d\u83b7\u53d6\u4fe1\u606f\u3002<br \/>\u66f4\u591a\u6709\u5173\u7528\u6237\u6570\u636e\u7684\u4fe1\u606f\u53ef\u5728YouTube\u7684\u6570\u636e\u5904\u7406\u7cfb\u7edf\u4e2d\u627e\u5230\uff1ahttps:\/\/www.google.de\/intl\/de\/policies\/privacy\u3002<br \/>\u58f0\u97f3\u4e91<\/p><p>\u5728\u6211\u4eec\u7684\u7f51\u7ad9\u4e0a\u53ef\u4ee5\u5b89\u88c5SoundCloud\uff08SoundCloud Limited\uff0c33 St James Square\uff0cLondon SW1Y 4JS\uff0cUK\uff09\u793e\u4ea4\u7f51\u7edc\u7684\u63d2\u4ef6\u3002SoundCloud-Plugins\u53ef\u4ee5\u8ba9\u4f60\u5728\u6240\u9009\u62e9\u7684\u7f51\u7ad9\u4e0a\u770b\u5230SoundCloud\u7684\u6807\u5fd7\u3002<br \/>\u5f53\u4f60\u8bbf\u95ee\u6211\u4eec\u7684\u7f51\u7ad9\u65f6\uff0c\u5728\u542f\u52a8\u63d2\u4ef6\u540e\uff0c\u4f1a\u5728\u4f60\u7684\u6d4f\u89c8\u5668\u548cSoundCloud\u670d\u52a1\u5668\u4e4b\u95f4\u5efa\u7acb\u4e00\u4e2a\u76f4\u63a5\u7684\u8fde\u63a5\u3002SoundCloud\u4f1a\u8bb0\u5f55\u4e0b\u4f60\u5728\u6211\u4eec\u7684\u7f51\u7ad9\u4e0a\u4f7f\u7528\u7684IP\u5730\u5740\u7684\u4fe1\u606f\u3002\u5982\u679c\u4f60\u5728SoundCloud\u8d26\u6237\u4e2d\u70b9\u51fb\u4e86 \"\u559c\u6b22 \"\u6216 \"\u5206\u4eab \"\u6309\u94ae\uff0c\u4f60\u5c31\u53ef\u4ee5\u5c06\u6211\u4eec\u7684\u7f51\u7ad9\u5185\u5bb9\u4e0eSoundCloud-Profil\u8fdb\u884c\u94fe\u63a5\u6216\u5206\u4eab\u3002SoundCloud\u53ef\u4ee5\u5c06\u6211\u4eec\u7684\u7f51\u7ad9\u4e0e\u672c\u7f51\u7ad9\u7684\u5185\u5bb9\u8054\u7cfb\u8d77\u6765\u3002\u6211\u4eec\u8ba4\u4e3a\uff0c\u4f5c\u4e3a\u7f51\u7ad9\u7684\u63d0\u4f9b\u8005\uff0c\u6211\u4eec\u65e0\u6cd5\u4e86\u89e3SoundCloud\u7684\u6570\u636e\u5185\u5bb9\u548c\u4f7f\u7528\u60c5\u51b5\u3002\u66f4\u591a\u4fe1\u606f\u8bf7\u53c2\u89c1SoundCloud\u7684\u6570\u636e\u5904\u7406\u6307\u5357\uff0c\u7f51\u5740\u662fhttps:\/\/soundcloud.com\/pages\/privacy\u3002<br \/>\u5982\u679c\u4f60\u4e0d\u5e0c\u671bSoundcloud\u5728\u6211\u4eec\u7684\u7f51\u7ad9\u4e0a\u63d0\u4f9bSoundCloud-Nutzerkonto\u7684\u670d\u52a1\uff0c\u8bf7\u4eceSoundCloud-Benutzerkonto\u4e0a\u767b\u5f55\uff0c\u7136\u540e\u5728SoundCloud-Plugins\u4e0a\u767b\u5f55\u3002<\/p>\t\t\t\t\t\t\t<\/div>\r\n\t\t\t\t\t\t\t\t\t\t<\/div>\n\t\t\t\t<\/div>\n\t\t\t\t\t<\/div>\n\t\t<\/div>\n\t\t\t\t\t<\/div><\/div>\r\n\t\t<\/section>\r\n\t\t\t\t<\/div>","protected":false},"excerpt":{"rendered":"<p>Privacy Police Allgemeines Der Betreiber dieser Webseite erhebt, verarbeitet and nutzt personalbezogene Daten eines Nutzers ohne weitergehende Einwilligung only soweit...<\/p>","protected":false},"author":1,"featured_media":0,"parent":0,"menu_order":0,"comment_status":"closed","ping_status":"closed","template":"page-fullwidth.php","meta":{"footnotes":""},"class_list":["post-35473","page","type-page","status-publish"],"aioseo_notices":[],"_links":{"self":[{"href":"https:\/\/ufotech.com\/cn\/wp-json\/wp\/v2\/pages\/35473","targetHints":{"allow":["GET"]}}],"collection":[{"href":"https:\/\/ufotech.com\/cn\/wp-json\/wp\/v2\/pages"}],"about":[{"href":"https:\/\/ufotech.com\/cn\/wp-json\/wp\/v2\/types\/page"}],"author":[{"embeddable":true,"href":"https:\/\/ufotech.com\/cn\/wp-json\/wp\/v2\/users\/1"}],"replies":[{"embeddable":true,"href":"https:\/\/ufotech.com\/cn\/wp-json\/wp\/v2\/comments?post=35473"}],"version-history":[{"count":0,"href":"https:\/\/ufotech.com\/cn\/wp-json\/wp\/v2\/pages\/35473\/revisions"}],"wp:attachment":[{"href":"https:\/\/ufotech.com\/cn\/wp-json\/wp\/v2\/media?parent=35473"}],"curies":[{"name":"wp","href":"https:\/\/api.w.org\/{rel}","templated":true}]}}