{"id":504,"date":"2022-05-20T06:39:59","date_gmt":"2022-05-20T04:39:59","guid":{"rendered":"https:\/\/democontent.codex-themes.com\/sites-elementor\/agency-raven\/?page_id=504"},"modified":"2022-05-26T00:08:16","modified_gmt":"2022-05-25T22:08:16","slug":"page-404","status":"publish","type":"page","link":"https:\/\/ufotech.com\/fr\/page-404\/","title":{"rendered":"Page 404 (D\u00e9mo)"},"content":{"rendered":"<div data-elementor-type=\"wp-page\" data-elementor-id=\"504\" class=\"elementor elementor-504\">\n\t\t\t\t\t\t<section data-particle_enable=\"false\" data-particle-mobile-disabled=\"false\" class=\"elementor-section elementor-top-section elementor-element elementor-element-0c9c42d elementor-section-height-full elementor-section-content-middle elementor-section-full_width elementor-section-height-default elementor-section-items-middle\" data-id=\"0c9c42d\" data-element_type=\"section\" data-settings=\"{&quot;background_background&quot;:&quot;classic&quot;}\">\r\n\t\t\t\t\t\t<div class=\"elementor-container elementor-column-gap-no\"><div class=\"elementor-row\">\r\n\t\t\t\t\t<div class=\"elementor-column elementor-col-100 elementor-top-column elementor-element elementor-element-ad4dfa4\" data-id=\"ad4dfa4\" data-element_type=\"column\">\n\t\t\t<div class=\"elementor-widget-wrap elementor-element-populated\">\n\t\t\t\t\t\t<div class=\"elementor-element elementor-element-b481202 elementor-widget__width-initial flex-horizontal-align-default flex-horizontal-align-tablet-default flex-horizontal-align-mobile-default flex-vertical-align-default flex-vertical-align-tablet-default flex-vertical-align-mobile-default elementor-widget elementor-widget-html\" data-id=\"b481202\" data-element_type=\"widget\" data-widget_type=\"html.default\">\n\t\t\t\t<div class=\"elementor-widget-container\">\n\t\t\t\t\t<svg viewbox=\"0 0 600 170\">\r\n\r\n  <!-- Gradient -->\r\n  <lineargradient id=\"gr-simple\" x1=\"0\" y1=\"0\" x2=\"100%\" y2=\"100%\">\r\n    <stop stop-color=\"#CE93D8\" offset=\"0%\"><\/stop>\r\n    <stop stop-color=\"#CE93D8\" offset=\"100%\"><\/stop>\r\n  <\/lineargradient>\r\n\r\n  <!-- Text -->\r\n  <text text-anchor=\"middle\" x=\"50%\" y=\"50%\" dy=\".35em\" class=\"text title-h1 light\" style=\"fill: url(#gr-simple); font-size: 230px; line-height: 1;\">\r\n    404\r\n  <\/text>\r\n<\/svg>\t\t\t\t<\/div>\n\t\t\t\t<\/div>\n\t\t\t\t<div class=\"elementor-element elementor-element-d0764d9 flex-horizontal-align-default flex-horizontal-align-tablet-default flex-horizontal-align-mobile-default flex-vertical-align-default flex-vertical-align-tablet-default flex-vertical-align-mobile-default elementor-widget elementor-widget-heading\" data-id=\"d0764d9\" data-element_type=\"widget\" data-widget_type=\"heading.default\">\n\t\t\t\t<div class=\"elementor-widget-container\">\n\t\t\t\t\t<div class=\"title-h1 elementor-heading-title elementor-size-default\">PAGE NON TROUV\u00c9E<\/div>\t\t\t\t<\/div>\n\t\t\t\t<\/div>\n\t\t\t\t<div class=\"elementor-element elementor-element-29edb89 elementor-widget__width-initial flex-horizontal-align-default flex-horizontal-align-tablet-default flex-horizontal-align-mobile-default flex-vertical-align-default flex-vertical-align-tablet-default flex-vertical-align-mobile-default elementor-widget elementor-widget-text-editor\" data-id=\"29edb89\" data-element_type=\"widget\" data-widget_type=\"text-editor.default\">\n\t\t\t\t<div class=\"elementor-widget-container\">\n\t\t\t\t\t\t\t\t\t\t\t\t<div class=\"elementor-text-editor elementor-clearfix\">\r\n\t\t\t\t\t\t<div class=\"styled-subtitle\">Nous sommes d\u00e9sol\u00e9s, la page que vous avez recherch\u00e9e n'existe pas dans notre base de donn\u00e9es ! Allez peut-\u00eatre sur notre\u00a0\u00a0 <a style=\"color: #ffffff; background-color: #ce93d8; padding: 2px 10px;\" href=\"https:\/\/ufotech.com\/fr\/\">page d'accueil.<\/a><\/div>\t\t\t\t\t\t\t<\/div>\r\n\t\t\t\t\t\t\t\t\t\t<\/div>\n\t\t\t\t<\/div>\n\t\t\t\t<div class=\"elementor-element elementor-element-2e1935e flex-horizontal-align-default flex-horizontal-align-tablet-default flex-horizontal-align-mobile-default flex-vertical-align-default flex-vertical-align-tablet-default flex-vertical-align-mobile-default elementor-widget elementor-widget-spacer\" data-id=\"2e1935e\" data-element_type=\"widget\" data-widget_type=\"spacer.default\">\n\t\t\t\t<div class=\"elementor-widget-container\">\n\t\t\t\t\t\t\t<div class=\"elementor-spacer\">\n\t\t\t<div class=\"elementor-spacer-inner\"><\/div>\n\t\t<\/div>\n\t\t\t\t\t\t<\/div>\n\t\t\t\t<\/div>\n\t\t\t\t\t<\/div>\n\t\t<\/div>\n\t\t\t\t\t<\/div><\/div>\r\n\t\t<\/section>\r\n\t\t\t\t<\/div>","protected":false},"excerpt":{"rendered":"<p>404 PAGE NOT FOUND Nous sommes d\u00e9sol\u00e9s, la page recherch\u00e9e n'existe pas dans notre base de donn\u00e9es ! Peut-\u00eatre aller...<\/p>","protected":false},"author":1,"featured_media":0,"parent":0,"menu_order":0,"comment_status":"closed","ping_status":"closed","template":"page-fullwidth.php","meta":{"footnotes":""},"class_list":["post-504","page","type-page","status-publish"],"aioseo_notices":[],"_links":{"self":[{"href":"https:\/\/ufotech.com\/fr\/wp-json\/wp\/v2\/pages\/504","targetHints":{"allow":["GET"]}}],"collection":[{"href":"https:\/\/ufotech.com\/fr\/wp-json\/wp\/v2\/pages"}],"about":[{"href":"https:\/\/ufotech.com\/fr\/wp-json\/wp\/v2\/types\/page"}],"author":[{"embeddable":true,"href":"https:\/\/ufotech.com\/fr\/wp-json\/wp\/v2\/users\/1"}],"replies":[{"embeddable":true,"href":"https:\/\/ufotech.com\/fr\/wp-json\/wp\/v2\/comments?post=504"}],"version-history":[{"count":0,"href":"https:\/\/ufotech.com\/fr\/wp-json\/wp\/v2\/pages\/504\/revisions"}],"wp:attachment":[{"href":"https:\/\/ufotech.com\/fr\/wp-json\/wp\/v2\/media?parent=504"}],"curies":[{"name":"wp","href":"https:\/\/api.w.org\/{rel}","templated":true}]}}